{"id":56,"date":"2018-06-01T21:08:17","date_gmt":"2018-06-01T21:08:17","guid":{"rendered":"http:\/\/kurz-kaufmann.de\/?page_id=56"},"modified":"2023-02-21T13:15:22","modified_gmt":"2023-02-21T13:15:22","slug":"antennenanlagen","status":"publish","type":"page","link":"http:\/\/kurz-kaufmann.de\/?page_id=56","title":{"rendered":"Antennenanlagen"},"content":{"rendered":"<p>als Ausf\u00fchrung Satellit und Kabelanlage.<\/p>\n\n\n<p>F\u00fcr den einwandfreien Betrieb einer Antennenanlage ist die absolut korrekte Installation wichtig. Fr\u00fcher kannte man das wenn etwas nicht stimmte dass das Bild schlechter, also Schneebildung ins Bild kam.<\/p>\n\n\n\n<p>Heute, bei Digitalfernsehn ist das anders. Hier gibt es nur zwei M\u00f6glichkeiten. Entweder man hat ein Bild oder man hat kein Bild. <\/p>\n\n\n\n<p>Nur durch eine vern\u00fcftige Installation und das Einmessen und Einstellen mit einem extra Messger\u00e4t garaniert einen fehlerfreien Betrieb.<\/p>\n\n\n<div class=\"wp-block-image\">\n<figure class=\"aligncenter size-full is-resized\"><img decoding=\"async\" src=\"http:\/\/kurz-kaufmann.de\/wp-content\/uploads\/2023\/02\/2023_Satelitanlage-Schrott.jpg\" alt=\"\" class=\"wp-image-171\" width=\"400\" srcset=\"http:\/\/kurz-kaufmann.de\/wp-content\/uploads\/2023\/02\/2023_Satelitanlage-Schrott.jpg 720w, http:\/\/kurz-kaufmann.de\/wp-content\/uploads\/2023\/02\/2023_Satelitanlage-Schrott-300x225.jpg 300w\" sizes=\"(max-width: 720px) 100vw, 720px\" \/><figcaption class=\"wp-element-caption\">So sollte es nicht sein.<\/figcaption><\/figure>\n<\/div>\n\n<div class=\"wp-block-image\">\n<figure class=\"aligncenter size-large is-resized\"><img decoding=\"async\" src=\"http:\/\/kurz-kaufmann.de\/wp-content\/uploads\/2023\/02\/2023_Satelitanlage-richtig-498x1024.jpg\" alt=\"\" class=\"wp-image-170\" width=\"400\" srcset=\"http:\/\/kurz-kaufmann.de\/wp-content\/uploads\/2023\/02\/2023_Satelitanlage-richtig-498x1024.jpg 498w, http:\/\/kurz-kaufmann.de\/wp-content\/uploads\/2023\/02\/2023_Satelitanlage-richtig-146x300.jpg 146w, http:\/\/kurz-kaufmann.de\/wp-content\/uploads\/2023\/02\/2023_Satelitanlage-richtig.jpg 640w\" sizes=\"(max-width: 498px) 100vw, 498px\" \/><figcaption class=\"wp-element-caption\">Richtig und sch\u00f6n, sieht so aus.<\/figcaption><\/figure>\n<\/div>","protected":false},"excerpt":{"rendered":"<p>als Ausf\u00fchrung Satellit und Kabelanlage. F\u00fcr den einwandfreien Betrieb einer Antennenanlage ist die absolut korrekte Installation wichtig. Fr\u00fcher kannte man das wenn etwas nicht stimmte dass das Bild schlechter, also Schneebildung ins Bild kam. Heute, bei Digitalfernsehn ist das anders.<\/p>\n","protected":false},"author":1,"featured_media":0,"parent":0,"menu_order":0,"comment_status":"closed","ping_status":"closed","template":"","meta":{"footnotes":""},"class_list":["post-56","page","type-page","status-publish","hentry"],"_links":{"self":[{"href":"http:\/\/kurz-kaufmann.de\/index.php?rest_route=\/wp\/v2\/pages\/56","targetHints":{"allow":["GET"]}}],"collection":[{"href":"http:\/\/kurz-kaufmann.de\/index.php?rest_route=\/wp\/v2\/pages"}],"about":[{"href":"http:\/\/kurz-kaufmann.de\/index.php?rest_route=\/wp\/v2\/types\/page"}],"author":[{"embeddable":true,"href":"http:\/\/kurz-kaufmann.de\/index.php?rest_route=\/wp\/v2\/users\/1"}],"replies":[{"embeddable":true,"href":"http:\/\/kurz-kaufmann.de\/index.php?rest_route=%2Fwp%2Fv2%2Fcomments&post=56"}],"version-history":[{"count":7,"href":"http:\/\/kurz-kaufmann.de\/index.php?rest_route=\/wp\/v2\/pages\/56\/revisions"}],"predecessor-version":[{"id":176,"href":"http:\/\/kurz-kaufmann.de\/index.php?rest_route=\/wp\/v2\/pages\/56\/revisions\/176"}],"wp:attachment":[{"href":"http:\/\/kurz-kaufmann.de\/index.php?rest_route=%2Fwp%2Fv2%2Fmedia&parent=56"}],"curies":[{"name":"wp","href":"https:\/\/api.w.org\/{rel}","templated":true}]}}