{"id":58,"date":"2018-06-01T21:08:47","date_gmt":"2018-06-01T21:08:47","guid":{"rendered":"http:\/\/kurz-kaufmann.de\/?page_id=58"},"modified":"2023-02-21T13:24:08","modified_gmt":"2023-02-21T13:24:08","slug":"photovoltaik","status":"publish","type":"page","link":"http:\/\/kurz-kaufmann.de\/?page_id=58","title":{"rendered":"Photovoltaik"},"content":{"rendered":"\n<p>Gerade aktuell sind Photovoltaikanalge in aller Munde. <\/p>\n\n\n\n<p>Wir montieren und betreuen Anlage bei unseren Kunden bereits seit 2009. Somit k\u00f6nnen wir ein gro\u00dfes Wissen aufweisen was den Betrieb von Photovoltaikanlage betrifft. <\/p>\n\n\n\n<p>Es gibt Anlagen f\u00fcr nahzu alle Arten von D\u00e4chern. Wichtig hierbei ist die richtige Unterkonstruktion sowie die richtige Auslegung der Konstruktion. Hier ist es wichtig sich auf den Fachmann zu verlassen, denn schlie\u00dflich m\u00f6chten Sie 20 Jahr und noch mehr Spa\u00df daran haben.<\/p>\n\n\n\n<figure class=\"wp-block-gallery has-nested-images columns-default is-cropped wp-block-gallery-1 is-layout-flex wp-block-gallery-is-layout-flex\">\n<figure class=\"wp-block-image size-large\"><img loading=\"lazy\" decoding=\"async\" width=\"1024\" height=\"461\" data-id=\"167\" src=\"http:\/\/kurz-kaufmann.de\/wp-content\/uploads\/2023\/02\/2023_Photovoltaik-Satteldach-1024x461.jpg\" alt=\"\" class=\"wp-image-167\" srcset=\"http:\/\/kurz-kaufmann.de\/wp-content\/uploads\/2023\/02\/2023_Photovoltaik-Satteldach-1024x461.jpg 1024w, http:\/\/kurz-kaufmann.de\/wp-content\/uploads\/2023\/02\/2023_Photovoltaik-Satteldach-300x135.jpg 300w, http:\/\/kurz-kaufmann.de\/wp-content\/uploads\/2023\/02\/2023_Photovoltaik-Satteldach-768x346.jpg 768w, http:\/\/kurz-kaufmann.de\/wp-content\/uploads\/2023\/02\/2023_Photovoltaik-Satteldach.jpg 1199w\" sizes=\"auto, (max-width: 1024px) 100vw, 1024px\" \/><\/figure>\n\n\n\n<figure class=\"wp-block-image size-large\"><img loading=\"lazy\" decoding=\"async\" width=\"589\" height=\"320\" data-id=\"166\" src=\"http:\/\/kurz-kaufmann.de\/wp-content\/uploads\/2023\/02\/2023_Photovoltaik-Flachdach.jpg\" alt=\"\" class=\"wp-image-166\" srcset=\"http:\/\/kurz-kaufmann.de\/wp-content\/uploads\/2023\/02\/2023_Photovoltaik-Flachdach.jpg 589w, http:\/\/kurz-kaufmann.de\/wp-content\/uploads\/2023\/02\/2023_Photovoltaik-Flachdach-300x163.jpg 300w\" sizes=\"auto, (max-width: 589px) 100vw, 589px\" \/><\/figure>\n\n\n\n<figure class=\"wp-block-image size-large\"><img loading=\"lazy\" decoding=\"async\" width=\"367\" height=\"600\" data-id=\"169\" src=\"http:\/\/kurz-kaufmann.de\/wp-content\/uploads\/2023\/02\/2023_Photovoltaik-Wechselrichter.jpg\" alt=\"\" class=\"wp-image-169\" srcset=\"http:\/\/kurz-kaufmann.de\/wp-content\/uploads\/2023\/02\/2023_Photovoltaik-Wechselrichter.jpg 367w, http:\/\/kurz-kaufmann.de\/wp-content\/uploads\/2023\/02\/2023_Photovoltaik-Wechselrichter-184x300.jpg 184w\" sizes=\"auto, (max-width: 367px) 100vw, 367px\" \/><\/figure>\n\n\n\n<figure class=\"wp-block-image size-large\"><img loading=\"lazy\" decoding=\"async\" width=\"387\" height=\"600\" data-id=\"168\" src=\"http:\/\/kurz-kaufmann.de\/wp-content\/uploads\/2023\/02\/2023_Photovoltaik-Wallbox.jpg\" alt=\"\" class=\"wp-image-168\" srcset=\"http:\/\/kurz-kaufmann.de\/wp-content\/uploads\/2023\/02\/2023_Photovoltaik-Wallbox.jpg 387w, http:\/\/kurz-kaufmann.de\/wp-content\/uploads\/2023\/02\/2023_Photovoltaik-Wallbox-194x300.jpg 194w\" sizes=\"auto, (max-width: 387px) 100vw, 387px\" \/><\/figure>\n<\/figure>\n\n\n\n<p><\/p>\n\n\n\n<p>Die Wallbox, welche im Idealfall PV-ready ist runden das System ab, denn so k\u00f6nnen Sie in Zukunft Ihre Elektro-Auto mit der Sonnenkraft, also dem Solarstrom tanken.<\/p>\n","protected":false},"excerpt":{"rendered":"<p>Gerade aktuell sind Photovoltaikanalge in aller Munde. Wir montieren und betreuen Anlage bei unseren Kunden bereits seit 2009. Somit k\u00f6nnen wir ein gro\u00dfes Wissen aufweisen was den Betrieb von Photovoltaikanlage betrifft. Es gibt Anlagen f\u00fcr nahzu alle Arten von D\u00e4chern.<\/p>\n","protected":false},"author":1,"featured_media":0,"parent":0,"menu_order":0,"comment_status":"closed","ping_status":"closed","template":"","meta":{"footnotes":""},"class_list":["post-58","page","type-page","status-publish","hentry"],"_links":{"self":[{"href":"http:\/\/kurz-kaufmann.de\/index.php?rest_route=\/wp\/v2\/pages\/58","targetHints":{"allow":["GET"]}}],"collection":[{"href":"http:\/\/kurz-kaufmann.de\/index.php?rest_route=\/wp\/v2\/pages"}],"about":[{"href":"http:\/\/kurz-kaufmann.de\/index.php?rest_route=\/wp\/v2\/types\/page"}],"author":[{"embeddable":true,"href":"http:\/\/kurz-kaufmann.de\/index.php?rest_route=\/wp\/v2\/users\/1"}],"replies":[{"embeddable":true,"href":"http:\/\/kurz-kaufmann.de\/index.php?rest_route=%2Fwp%2Fv2%2Fcomments&post=58"}],"version-history":[{"count":3,"href":"http:\/\/kurz-kaufmann.de\/index.php?rest_route=\/wp\/v2\/pages\/58\/revisions"}],"predecessor-version":[{"id":178,"href":"http:\/\/kurz-kaufmann.de\/index.php?rest_route=\/wp\/v2\/pages\/58\/revisions\/178"}],"wp:attachment":[{"href":"http:\/\/kurz-kaufmann.de\/index.php?rest_route=%2Fwp%2Fv2%2Fmedia&parent=58"}],"curies":[{"name":"wp","href":"https:\/\/api.w.org\/{rel}","templated":true}]}}